{"id":14,"date":"2015-06-18T17:44:38","date_gmt":"2015-06-18T15:44:38","guid":{"rendered":"http:\/\/www.sontopski.de\/?page_id=14"},"modified":"2025-10-16T15:02:10","modified_gmt":"2025-10-16T13:02:10","slug":"taetigkeiten","status":"publish","type":"page","link":"https:\/\/www.sontopski.de\/?page_id=14","title":{"rendered":"T\u00e4tigkeiten"},"content":{"rendered":"<p>Im Zuge der Sachverst\u00e4ndigent\u00e4tigkeiten erstellen wir<\/p>\n<p>unabh\u00e4ngige Gutachten f\u00fcr die Bereiche Maschinensch\u00e4den \u2013 speziell Transportsch\u00e4den und Transport-Verpackungen.<\/p>\n<p>Durch eine Zusatzausbildung bei der Industrie- und Handelskammer haben wir die Berechtigung erworben, Wertgutachten f\u00fcr Maschinen und Maschinenparks nach aktuell g\u00fcltigen Standards zu erstellen.<\/p>\n<p>&nbsp;<\/p>\n<p>Als Gerichtsgutachter erstatten wir Gutachten und Beweissicherungsgutachten je nach Lage des Beweisbeschlusses.<\/p>\n<p>&nbsp;<\/p>\n<p>Die f\u00fcr internationale Ex- und Importe ben\u00f6tigten Zertifikate f\u00fcr gebrauchte Maschinen und Anlagen &#8211; so genannte \u201eChartert Engineer Certificates\u201c \u2013 werden ebenfalls von uns erstellt.<\/p>\n<p>&nbsp;<\/p>\n<p>Basierend auf den internationalen Erfahrungen und einer dauerhaften Weiterbildung werden Gutachten auf dem Gebiet Verpackung\u00a0 erstellt. Ferner werden Verladekontrollen und Transportbegleitungen f\u00fcr \u00dcberseetransporte \u00fcbernommen.<\/p>\n<p>Wir f\u00fchren externe Schulungen \u00fcber die Probleme und notwendige Vorkehrungen bei Transporten durch. \u00dcber diese Thematik werden auch Vortr\u00e4ge (mit entsprechenden Fotos belegt) gehalten.<\/p>\n<p>&nbsp;<\/p>\n<p>Auch f\u00fcr den Eisenbahnbereich \u2013 speziell G\u00fcterwaggons \u2013 erstellen wir Gutachten, sowohl zur Schadensursache als auch zum Unfang des Kaskoschadens.<\/p>\n<p>&nbsp;<\/p>\n<p>Seit \u00fcber 50 Jahren sind wir als Havarie-Kommissare t\u00e4tig. Wir sind beim Verein Hanseatischer Transportversicherer e.V. Hamburg-Bremen und beim Gesamtverband der deutschen Versicherungswirtschaft in den einschl\u00e4gigen Listen gelistet. Wir arbeiten sowohl f\u00fcr Versicherungen als auch f\u00fcr Spediteure.<\/p>\n","protected":false},"excerpt":{"rendered":"<p>Im Zuge der Sachverst\u00e4ndigent\u00e4tigkeiten erstellen wir unabh\u00e4ngige Gutachten f\u00fcr die Bereiche Maschinensch\u00e4den \u2013 speziell Transportsch\u00e4den und Transport-Verpackungen. Durch eine Zusatzausbildung bei der Industrie- und Handelskammer haben wir die Berechtigung erworben, Wertgutachten f\u00fcr Maschinen und Maschinenparks nach aktuell g\u00fcltigen Standards zu &hellip; <a class=\"kt-excerpt-readmore\" href=\"https:\/\/www.sontopski.de\/?page_id=14\" aria-label=\"T\u00e4tigkeiten\">Weiterlesen<\/a><\/p>\n","protected":false},"author":1,"featured_media":0,"parent":0,"menu_order":0,"comment_status":"open","ping_status":"open","template":"","meta":{"footnotes":""},"class_list":["post-14","page","type-page","status-publish","hentry"],"_links":{"self":[{"href":"https:\/\/www.sontopski.de\/index.php?rest_route=\/wp\/v2\/pages\/14","targetHints":{"allow":["GET"]}}],"collection":[{"href":"https:\/\/www.sontopski.de\/index.php?rest_route=\/wp\/v2\/pages"}],"about":[{"href":"https:\/\/www.sontopski.de\/index.php?rest_route=\/wp\/v2\/types\/page"}],"author":[{"embeddable":true,"href":"https:\/\/www.sontopski.de\/index.php?rest_route=\/wp\/v2\/users\/1"}],"replies":[{"embeddable":true,"href":"https:\/\/www.sontopski.de\/index.php?rest_route=%2Fwp%2Fv2%2Fcomments&post=14"}],"version-history":[{"count":3,"href":"https:\/\/www.sontopski.de\/index.php?rest_route=\/wp\/v2\/pages\/14\/revisions"}],"predecessor-version":[{"id":48,"href":"https:\/\/www.sontopski.de\/index.php?rest_route=\/wp\/v2\/pages\/14\/revisions\/48"}],"wp:attachment":[{"href":"https:\/\/www.sontopski.de\/index.php?rest_route=%2Fwp%2Fv2%2Fmedia&parent=14"}],"curies":[{"name":"wp","href":"https:\/\/api.w.org\/{rel}","templated":true}]}}