{"id":4,"date":"2015-05-22T13:24:38","date_gmt":"2015-05-22T11:24:38","guid":{"rendered":"http:\/\/www.sontopski.de\/?page_id=4"},"modified":"2025-10-16T15:18:43","modified_gmt":"2025-10-16T13:18:43","slug":"ueber-uns","status":"publish","type":"page","link":"https:\/\/www.sontopski.de\/","title":{"rendered":"\u00dcber uns"},"content":{"rendered":"<p>Vor nunmehr \u00fcber 50 Jahren wurde das Sachverst\u00e4ndigenb\u00fcro Sontopski in Heilbronn von Herrn J\u00f6rg Sontopski gegr\u00fcndet.<br \/>\nHerr J\u00f6rg Sontopski war \u00f6ffentlich bestellter und vereidigter Sachverst\u00e4ndiger f\u00fcr die Sachgebiete Maschinensch\u00e4den,<br \/>\nspeziell im Bereich Transportsch\u00e4den, Verpackung und Ladungssicherung und Binnenschifffahrtssch\u00e4den. Zum 1. Januar 2017 ist er in Ruhestand getreten.<\/p>\n<p>Nach dem Abschlu\u00df seines Maschinenbau-Studium im Jahre 2000 ist Herr Marc Sontopski Dipl. Ing. FH Maschinenbau<br \/>\nin das B\u00fcro seines Vaters eingestiegen. Bis zu seiner Vereidigung im Jahre 2005 hat er gleichberechtigt im B\u00fcro mitgearbeitet.<\/p>\n<p>Herr Marc Sontopski ist von der IHK Heilbronn Franken f\u00fcr die Feststellung, Ursachenermittlung von Maschinen und G\u00fctersch\u00e4den, Beurteilung von Transportrisiken<br \/>\nund Verpackungen \u00f6ffentlich bestellt und vereidigt.<\/p>\n<p>Im Jahre 2006 hat Herr Marc Sontopski die Leitung des Sachverst\u00e4ndigenb\u00fcros \u00fcbernommen.<br \/>\nHerr J\u00f6rg Sontopski ist weiter als Seniorpartner und Berater im B\u00fcro t\u00e4tig.<\/p>\n<p>Das Sachverst\u00e4ndigenb\u00fcro Sontopski, Heilbronn, liegt zentral im S\u00fcddeutschen Raum.<br \/>\nViele gro\u00dfe und kleine Industrieorte k\u00f6nnen von dort aus kurzfristig f\u00fcr die Besichtigungen erreicht werden.<br \/>\nF\u00fcr weltweite Eins\u00e4tze stehen die internationalen Flugh\u00e4fen Frankfurt und Stuttgart zur Verf\u00fcgung.<\/p>\n<p>Selbstverst\u00e4ndlich k\u00f6nnen alle Gutachten und Berichte in englischer Sprache erstellt werden.<\/p>\n<p>Seit \u00fcber 40 Jahren ist das B\u00fcro Sontopski als Havarie-Kommissariat f\u00fcr den Verein Hamburger Assekuradeure und den Gesamtverband der<br \/>\ndeutschen Versicherer t\u00e4tig und in den einschl\u00e4gigen Verzeichnissen gelistet. Sowohl Versicherer als auch Spediteure bedienen sich<br \/>\nunserer Dienste.<\/p>\n<p><a href=\"http:\/\/www.sontopski.de\/wp-content\/uploads\/2015\/06\/bilder-marc-und-j\u00f6rg-p01_Bildgr\u00f6\u00dfe-\u00e4ndern.jpg\"><img loading=\"lazy\" decoding=\"async\" class=\"alignnone size-medium wp-image-12\" src=\"http:\/\/www.sontopski.de\/wp-content\/uploads\/2015\/06\/bilder-marc-und-j\u00f6rg-p01_Bildgr\u00f6\u00dfe-\u00e4ndern-300x214.jpg\" alt=\"Marc und J\u00f6rg Sontopski\" width=\"300\" height=\"214\" srcset=\"https:\/\/www.sontopski.de\/wp-content\/uploads\/2015\/06\/bilder-marc-und-j\u00f6rg-p01_Bildgr\u00f6\u00dfe-\u00e4ndern-300x214.jpg 300w, https:\/\/www.sontopski.de\/wp-content\/uploads\/2015\/06\/bilder-marc-und-j\u00f6rg-p01_Bildgr\u00f6\u00dfe-\u00e4ndern.jpg 800w\" sizes=\"auto, (max-width: 300px) 100vw, 300px\" \/><\/a><\/p>\n","protected":false},"excerpt":{"rendered":"<p>Vor nunmehr \u00fcber 50 Jahren wurde das Sachverst\u00e4ndigenb\u00fcro Sontopski in Heilbronn von Herrn J\u00f6rg Sontopski gegr\u00fcndet. Herr J\u00f6rg Sontopski war \u00f6ffentlich bestellter und vereidigter Sachverst\u00e4ndiger f\u00fcr die Sachgebiete Maschinensch\u00e4den, speziell im Bereich Transportsch\u00e4den, Verpackung und Ladungssicherung und Binnenschifffahrtssch\u00e4den. Zum 1. &hellip; <a class=\"kt-excerpt-readmore\" href=\"https:\/\/www.sontopski.de\/\" aria-label=\"\u00dcber uns\">Weiterlesen<\/a><\/p>\n","protected":false},"author":1,"featured_media":0,"parent":0,"menu_order":0,"comment_status":"open","ping_status":"open","template":"","meta":{"footnotes":""},"class_list":["post-4","page","type-page","status-publish","hentry"],"_links":{"self":[{"href":"https:\/\/www.sontopski.de\/index.php?rest_route=\/wp\/v2\/pages\/4","targetHints":{"allow":["GET"]}}],"collection":[{"href":"https:\/\/www.sontopski.de\/index.php?rest_route=\/wp\/v2\/pages"}],"about":[{"href":"https:\/\/www.sontopski.de\/index.php?rest_route=\/wp\/v2\/types\/page"}],"author":[{"embeddable":true,"href":"https:\/\/www.sontopski.de\/index.php?rest_route=\/wp\/v2\/users\/1"}],"replies":[{"embeddable":true,"href":"https:\/\/www.sontopski.de\/index.php?rest_route=%2Fwp%2Fv2%2Fcomments&post=4"}],"version-history":[{"count":7,"href":"https:\/\/www.sontopski.de\/index.php?rest_route=\/wp\/v2\/pages\/4\/revisions"}],"predecessor-version":[{"id":50,"href":"https:\/\/www.sontopski.de\/index.php?rest_route=\/wp\/v2\/pages\/4\/revisions\/50"}],"wp:attachment":[{"href":"https:\/\/www.sontopski.de\/index.php?rest_route=%2Fwp%2Fv2%2Fmedia&parent=4"}],"curies":[{"name":"wp","href":"https:\/\/api.w.org\/{rel}","templated":true}]}}